{"id":58,"date":"2025-03-16T08:23:57","date_gmt":"2025-03-16T08:23:57","guid":{"rendered":"https:\/\/arven.md\/?page_id=58"},"modified":"2025-03-16T12:21:50","modified_gmt":"2025-03-16T12:21:50","slug":"compania","status":"publish","type":"page","link":"https:\/\/arven.md\/","title":{"rendered":"Compania"},"content":{"rendered":"<div class=\"wpb-content-wrapper\"><div id=\"tdi_1\" class=\"tdc-row\"><div class=\"vc_row tdi_2  wpb_row td-pb-row\" >\n<style scoped>\n\/* custom css - generated by TagDiv Composer *\/\n\n\/* custom css - generated by TagDiv Composer *\/\n.tdi_2,\r\n                .tdi_2 .tdc-columns{\r\n                    min-height: 0;\r\n                }.tdi_2,\r\n\t\t\t\t.tdi_2 .tdc-columns{\r\n\t\t\t\t    display: block;\r\n\t\t\t\t}.tdi_2 .tdc-columns{\r\n\t\t\t\t    width: 100%;\r\n\t\t\t\t}.tdi_2:before,\r\n\t\t\t\t.tdi_2:after{\r\n\t\t\t\t    display: table;\r\n\t\t\t\t}\n<\/style><div class=\"vc_column tdi_4  wpb_column vc_column_container tdc-column td-pb-span12\">\n<style scoped>\n\/* custom css - generated by TagDiv Composer *\/\n\n\/* custom css - generated by TagDiv Composer *\/\n.tdi_4{\r\n                    vertical-align: baseline;\r\n                }.tdi_4 > .wpb_wrapper,\r\n\t\t\t\t.tdi_4 > .wpb_wrapper > .tdc-elements{\r\n\t\t\t\t    display: block;\r\n\t\t\t\t}.tdi_4 > .wpb_wrapper > .tdc-elements{\r\n\t\t\t\t    width: 100%;\r\n\t\t\t\t}.tdi_4 > .wpb_wrapper > .vc_row_inner{\r\n\t\t\t\t    width: auto;\r\n\t\t\t\t}.tdi_4 > .wpb_wrapper{\r\n\t\t\t\t    width: auto;\r\n\t\t\t\t    height: auto;\r\n\t\t\t\t}\n<\/style><div class=\"wpb_wrapper\" >[vc_single_image image=&#8221;84&#8243; img_size=&#8221;full&#8221; style=&#8221;vc_box_outline&#8221; border_color=&#8221;juicy_pink&#8221;]<\/div><\/div><\/div><\/div><div id=\"tdi_5\" class=\"tdc-row\"><div class=\"vc_row tdi_6  wpb_row td-pb-row\" >\n<style scoped>\n\/* custom css - generated by TagDiv Composer *\/\n\n\/* custom css - generated by TagDiv Composer *\/\n.tdi_6,\r\n                .tdi_6 .tdc-columns{\r\n                    min-height: 0;\r\n                }.tdi_6,\r\n\t\t\t\t.tdi_6 .tdc-columns{\r\n\t\t\t\t    display: block;\r\n\t\t\t\t}.tdi_6 .tdc-columns{\r\n\t\t\t\t    width: 100%;\r\n\t\t\t\t}.tdi_6:before,\r\n\t\t\t\t.tdi_6:after{\r\n\t\t\t\t    display: table;\r\n\t\t\t\t}\n<\/style><div class=\"vc_column tdi_8  wpb_column vc_column_container tdc-column td-pb-span6\">\n<style scoped>\n\/* custom css - generated by TagDiv Composer *\/\n\n\/* custom css - generated by TagDiv Composer *\/\n.tdi_8{\r\n                    vertical-align: baseline;\r\n                }.tdi_8 > .wpb_wrapper,\r\n\t\t\t\t.tdi_8 > .wpb_wrapper > .tdc-elements{\r\n\t\t\t\t    display: block;\r\n\t\t\t\t}.tdi_8 > .wpb_wrapper > .tdc-elements{\r\n\t\t\t\t    width: 100%;\r\n\t\t\t\t}.tdi_8 > .wpb_wrapper > .vc_row_inner{\r\n\t\t\t\t    width: auto;\r\n\t\t\t\t}.tdi_8 > .wpb_wrapper{\r\n\t\t\t\t    width: auto;\r\n\t\t\t\t    height: auto;\r\n\t\t\t\t}\n<\/style><div class=\"wpb_wrapper\" >[vc_column_text]\r\n<p style=\"text-align: justify;\"><b>ARVEN SRL<\/b>, compania produc\u0103toare de <b>pompe electrice<\/b>, a fost \u00eenfiin\u021bat\u0103 \u00een 1991 datorit\u0103 spiritului antreprenorial \u0219i abilit\u0103\u021bilor membrilor familiei Grazioli, av\u00e2nd o dezvoltare semnificativ\u0103 \u00eenc\u0103 de la \u00eenceput. ARVEN SRL este unul dintre liderii pie\u021bei, \u00een special \u00een domeniul <b>pompelor submersibile din o\u021bel<\/b>, datorit\u0103 experien\u021bei \u0219i cuno\u0219tin\u021belor tehnice acumulate direct pe pia\u021b\u0103 cu ajutorul unei moderne TEST-ROOM interne, devenind astfel un punct de referin\u021b\u0103 \u00een sector. Aten\u021bia acordat\u0103 designului \u0219i \u00eembun\u0103t\u0103\u021birile continue, posibile datorit\u0103 celor mai moderne tehnologii, asigur\u0103 constant rezultate extrem de \u00eenalte produselor noastre. Ma\u0219inile noastre sunt distribuite pe pia\u021b\u0103, garantate prin &#8220;CONTROLUL CALIT\u0102\u021aII&#8221;, certificare de calitate care asigur\u0103 faptul c\u0103 fiecare component\u0103 a produsului ARVEN a trecut printr-o serie de controale conforme cu reglement\u0103rile actuale \u0219i cu specifica\u021biile interna\u021bionale de calitate. Av\u00e2nd \u00een vedere c\u0103 oper\u0103m pe o pia\u021b\u0103 global\u0103 din ce \u00een ce mai competitiv\u0103, am investit considerabil \u00een resursele umane ca unul dintre punctele noastre forte. Dispunem de un depozit constant aprovizionat cu produsele cele mai v\u00e2ndute, pentru a garanta o preg\u0103tire rapid\u0103 \u0219i eficient\u0103 a fiec\u0103rei comenzi, satisf\u0103c\u00e2nd cerin\u021bele fiec\u0103rui client. ARVEN SRL a adoptat o politic\u0103 de calitate care a permis \u00eentotdeauna dep\u0103\u0219irea cu succes a tuturor CONTROALELOR DE CALITATE (exemplu SGS), oferind clien\u021bilor s\u0103i certitudinea unui produs de \u00eenalt\u0103 calitate. \u00cen \u00eentreaga lume, m\u0103rturiile clien\u021bilor confirm\u0103 faptul c\u0103 numele ARVEN este sinonim cu siguran\u021b\u0103, seriozitate, calitate \u0219i onestitate.<\/p>\r\n[\/vc_column_text]<\/div><\/div><div class=\"vc_column tdi_10  wpb_column vc_column_container tdc-column td-pb-span6\">\n<style scoped>\n\/* custom css - generated by TagDiv Composer *\/\n\n\/* custom css - generated by TagDiv Composer *\/\n.tdi_10{\r\n                    vertical-align: baseline;\r\n                }.tdi_10 > .wpb_wrapper,\r\n\t\t\t\t.tdi_10 > .wpb_wrapper > .tdc-elements{\r\n\t\t\t\t    display: block;\r\n\t\t\t\t}.tdi_10 > .wpb_wrapper > .tdc-elements{\r\n\t\t\t\t    width: 100%;\r\n\t\t\t\t}.tdi_10 > .wpb_wrapper > .vc_row_inner{\r\n\t\t\t\t    width: auto;\r\n\t\t\t\t}.tdi_10 > .wpb_wrapper{\r\n\t\t\t\t    width: auto;\r\n\t\t\t\t    height: auto;\r\n\t\t\t\t}\n<\/style><div class=\"wpb_wrapper\" ><div class=\"wpb_wrapper td_block_empty_space td_block_wrap vc_empty_space tdi_12 \"  style=\"height: 32px\"><\/div><div class=\"wpb_wrapper td_block_empty_space td_block_wrap vc_empty_space tdi_14 \"  style=\"height: 32px\"><\/div>[vc_single_image image=&#8221;69&#8243; img_size=&#8221;full&#8221; style=&#8221;vc_box_outline&#8221; border_color=&#8221;peacoc&#8221;]<\/div><\/div><\/div><\/div><div id=\"tdi_15\" class=\"tdc-row\"><div class=\"vc_row tdi_16  wpb_row td-pb-row\" >\n<style scoped>\n\/* custom css - generated by TagDiv Composer *\/\n\n\/* custom css - generated by TagDiv Composer *\/\n.tdi_16,\r\n                .tdi_16 .tdc-columns{\r\n                    min-height: 0;\r\n                }.tdi_16,\r\n\t\t\t\t.tdi_16 .tdc-columns{\r\n\t\t\t\t    display: block;\r\n\t\t\t\t}.tdi_16 .tdc-columns{\r\n\t\t\t\t    width: 100%;\r\n\t\t\t\t}.tdi_16:before,\r\n\t\t\t\t.tdi_16:after{\r\n\t\t\t\t    display: table;\r\n\t\t\t\t}\n<\/style><div class=\"vc_column tdi_18  wpb_column vc_column_container tdc-column td-pb-span12\">\n<style scoped>\n\/* custom css - generated by TagDiv Composer *\/\n\n\/* custom css - generated by TagDiv Composer *\/\n.tdi_18{\r\n                    vertical-align: baseline;\r\n                }.tdi_18 > .wpb_wrapper,\r\n\t\t\t\t.tdi_18 > .wpb_wrapper > .tdc-elements{\r\n\t\t\t\t    display: block;\r\n\t\t\t\t}.tdi_18 > .wpb_wrapper > .tdc-elements{\r\n\t\t\t\t    width: 100%;\r\n\t\t\t\t}.tdi_18 > .wpb_wrapper > .vc_row_inner{\r\n\t\t\t\t    width: auto;\r\n\t\t\t\t}.tdi_18 > .wpb_wrapper{\r\n\t\t\t\t    width: auto;\r\n\t\t\t\t    height: auto;\r\n\t\t\t\t}\n<\/style><div class=\"wpb_wrapper\" >[vc_column_text]\r\n<p style=\"text-align: justify;\"><strong>ARVEN SRL, \u043f\u0440\u043e\u0438\u0437\u0432\u043e\u0434\u0438\u0442\u0435\u043b\u044c \u044d\u043b\u0435\u043a\u0442\u0440\u0438\u0447\u0435\u0441\u043a\u0438\u0445 \u043d\u0430\u0441\u043e\u0441\u043e\u0432<\/strong>, \u0431\u044b\u043b \u043e\u0441\u043d\u043e\u0432\u0430\u043d \u0432 1991 \u0433\u043e\u0434\u0443 \u0431\u043b\u0430\u0433\u043e\u0434\u0430\u0440\u044f \u043f\u0440\u0435\u0434\u043f\u0440\u0438\u043d\u0438\u043c\u0430\u0442\u0435\u043b\u044c\u0441\u043a\u043e\u043c\u0443 \u0434\u0443\u0445\u0443 \u0438 \u043d\u0430\u0432\u044b\u043a\u0430\u043c \u0447\u043b\u0435\u043d\u043e\u0432 \u0441\u0435\u043c\u044c\u0438 \u0413\u0440\u0430\u0446\u0438\u043e\u043b\u0438, \u0441\u0440\u0430\u0437\u0443 \u0436\u0435 \u0434\u043e\u0441\u0442\u0438\u0433\u043d\u0443\u0432 \u0437\u043d\u0430\u0447\u0438\u0442\u0435\u043b\u044c\u043d\u043e\u0433\u043e \u0440\u0430\u0437\u0432\u0438\u0442\u0438\u044f. <strong>ARVEN SRL \u044f\u0432\u043b\u044f\u0435\u0442\u0441\u044f \u043e\u0434\u043d\u0438\u043c \u0438\u0437 \u043b\u0438\u0434\u0435\u0440\u043e\u0432, \u043e\u0441\u043e\u0431\u0435\u043d\u043d\u043e \u043d\u0430 \u0440\u044b\u043d\u043a\u0435 \u043f\u043e\u0433\u0440\u0443\u0436\u043d\u044b\u0445 \u043d\u0430\u0441\u043e\u0441\u043e\u0432 \u0438\u0437 \u0441\u0442\u0430\u043b\u0438<\/strong>, \u0431\u043b\u0430\u0433\u043e\u0434\u0430\u0440\u044f \u043e\u043f\u044b\u0442\u0443 \u0438 \u0442\u0435\u0445\u043d\u0438\u0447\u0435\u0441\u043a\u0438\u043c \u0437\u043d\u0430\u043d\u0438\u044f\u043c, \u043d\u0430\u043a\u043e\u043f\u043b\u0435\u043d\u043d\u044b\u043c \u043d\u0430\u043f\u0440\u044f\u043c\u0443\u044e \u043d\u0430 \u0440\u044b\u043d\u043a\u0435 \u0441 \u043f\u043e\u043c\u043e\u0449\u044c\u044e \u0441\u043e\u0432\u0440\u0435\u043c\u0435\u043d\u043d\u043e\u0433\u043e \u0432\u043d\u0443\u0442\u0440\u0435\u043d\u043d\u0435\u0433\u043e TEST-ROOM, \u0441\u0442\u0430\u0432 \u0442\u0430\u043a\u0438\u043c \u043e\u0431\u0440\u0430\u0437\u043e\u043c \u043e\u0440\u0438\u0435\u043d\u0442\u0438\u0440\u043e\u043c \u0432 \u0441\u0432\u043e\u0435\u0439 \u043e\u0442\u0440\u0430\u0441\u043b\u0438. <span class=\"Apple-converted-space\">\u00a0<\/span>\u0412\u043d\u0438\u043c\u0430\u043d\u0438\u0435 \u043a \u0434\u0438\u0437\u0430\u0439\u043d\u0443 \u0438 \u043f\u043e\u0441\u0442\u043e\u044f\u043d\u043d\u044b\u0435 \u0443\u043b\u0443\u0447\u0448\u0435\u043d\u0438\u044f, \u0432\u043e\u0437\u043c\u043e\u0436\u043d\u044b\u0435 \u0431\u043b\u0430\u0433\u043e\u0434\u0430\u0440\u044f \u0441\u0430\u043c\u044b\u043c \u0441\u043e\u0432\u0440\u0435\u043c\u0435\u043d\u043d\u044b\u043c \u0442\u0435\u0445\u043d\u043e\u043b\u043e\u0433\u0438\u044f\u043c, \u043f\u043e\u0441\u0442\u043e\u044f\u043d\u043d\u043e \u043e\u0431\u0435\u0441\u043f\u0435\u0447\u0438\u0432\u0430\u044e\u0442 \u0432\u044b\u0441\u043e\u043a\u0438\u0435 \u0440\u0435\u0437\u0443\u043b\u044c\u0442\u0430\u0442\u044b \u043d\u0430\u0448\u0438\u0445 \u043f\u0440\u043e\u0434\u0443\u043a\u0442\u043e\u0432. <span class=\"Apple-converted-space\">\u00a0<\/span>\u041d\u0430\u0448\u0438 \u043c\u0430\u0448\u0438\u043d\u044b \u0440\u0430\u0441\u043f\u0440\u0435\u0434\u0435\u043b\u044f\u044e\u0442\u0441\u044f \u043d\u0430 \u0440\u044b\u043d\u043a\u0435, \u0433\u0430\u0440\u0430\u043d\u0442\u0438\u0440\u043e\u0432\u0430\u043d\u043d\u044b\u0435 \u0447\u0435\u0440\u0435\u0437 &#8220;\u041a\u041e\u041d\u0422\u0420\u041e\u041b\u042c \u041a\u0410\u0427\u0415\u0421\u0422\u0412\u0410&#8221;, \u0441\u0435\u0440\u0442\u0438\u0444\u0438\u043a\u0430\u0442 \u043a\u0430\u0447\u0435\u0441\u0442\u0432\u0430, \u043a\u043e\u0442\u043e\u0440\u044b\u0439 \u0433\u0430\u0440\u0430\u043d\u0442\u0438\u0440\u0443\u0435\u0442, \u0447\u0442\u043e \u043a\u0430\u0436\u0434\u0430\u044f \u0434\u0435\u0442\u0430\u043b\u044c \u043f\u0440\u043e\u0434\u0443\u043a\u0442\u0430 ARVEN \u043f\u0440\u043e\u0448\u043b\u0430 \u0441\u0435\u0440\u0438\u044e \u043f\u0440\u043e\u0432\u0435\u0440\u043e\u043a \u0432 \u0441\u043e\u043e\u0442\u0432\u0435\u0442\u0441\u0442\u0432\u0438\u0438 \u0441 \u0442\u0435\u043a\u0443\u0449\u0438\u043c\u0438 \u043d\u043e\u0440\u043c\u0430\u0442\u0438\u0432\u043d\u044b\u043c\u0438 \u0442\u0440\u0435\u0431\u043e\u0432\u0430\u043d\u0438\u044f\u043c\u0438 \u0438 \u043c\u0435\u0436\u0434\u0443\u043d\u0430\u0440\u043e\u0434\u043d\u044b\u043c\u0438 \u0441\u0442\u0430\u043d\u0434\u0430\u0440\u0442\u0430\u043c\u0438 \u043a\u0430\u0447\u0435\u0441\u0442\u0432\u0430. \u0423\u0447\u0438\u0442\u044b\u0432\u0430\u044f, \u0447\u0442\u043e \u043c\u044b \u0440\u0430\u0431\u043e\u0442\u0430\u0435\u043c \u043d\u0430 \u0432\u0441\u0435 \u0431\u043e\u043b\u0435\u0435 \u043a\u043e\u043d\u043a\u0443\u0440\u0435\u043d\u0442\u043d\u043e\u043c \u0433\u043b\u043e\u0431\u0430\u043b\u044c\u043d\u043e\u043c \u0440\u044b\u043d\u043a\u0435, \u043c\u044b \u0441\u0434\u0435\u043b\u0430\u043b\u0438 \u043e\u0434\u043d\u0438\u043c \u0438\u0437 \u043d\u0430\u0448\u0438\u0445 \u0441\u0438\u043b\u044c\u043d\u044b\u0445 \u0441\u0442\u043e\u0440\u043e\u043d \u0437\u043d\u0430\u0447\u0438\u0442\u0435\u043b\u044c\u043d\u044b\u0435 \u0438\u043d\u0432\u0435\u0441\u0442\u0438\u0446\u0438\u0438 \u0432 \u0447\u0435\u043b\u043e\u0432\u0435\u0447\u0435\u0441\u043a\u0438\u0435 \u0440\u0435\u0441\u0443\u0440\u0441\u044b. <span class=\"Apple-converted-space\">\u00a0<\/span>\u0423 \u043d\u0430\u0441 \u0435\u0441\u0442\u044c \u0441\u043a\u043b\u0430\u0434, \u043f\u043e\u0441\u0442\u043e\u044f\u043d\u043d\u043e \u043f\u043e\u043f\u043e\u043b\u043d\u044f\u0435\u043c\u044b\u0439 \u0441\u0430\u043c\u044b\u043c\u0438 \u043f\u0440\u043e\u0434\u0430\u0432\u0430\u0435\u043c\u044b\u043c\u0438 \u043f\u0440\u043e\u0434\u0443\u043a\u0442\u0430\u043c\u0438, \u0447\u0442\u043e\u0431\u044b \u0433\u0430\u0440\u0430\u043d\u0442\u0438\u0440\u043e\u0432\u0430\u0442\u044c \u0431\u044b\u0441\u0442\u0440\u0443\u044e \u0438 \u044d\u0444\u0444\u0435\u043a\u0442\u0438\u0432\u043d\u0443\u044e \u043f\u043e\u0434\u0433\u043e\u0442\u043e\u0432\u043a\u0443 \u043a\u0430\u0436\u0434\u043e\u0433\u043e \u0437\u0430\u043a\u0430\u0437\u0430 \u0434\u043b\u044f \u0443\u0434\u043e\u0432\u043b\u0435\u0442\u0432\u043e\u0440\u0435\u043d\u0438\u044f \u043f\u043e\u0442\u0440\u0435\u0431\u043d\u043e\u0441\u0442\u0435\u0439 \u043a\u0430\u0436\u0434\u043e\u0433\u043e \u043a\u043b\u0438\u0435\u043d\u0442\u0430. ARVEN SRL \u0432\u043d\u0435\u0434\u0440\u0438\u043b\u0430 \u043f\u043e\u043b\u0438\u0442\u0438\u043a\u0443 \u043a\u0430\u0447\u0435\u0441\u0442\u0432\u0430, \u043a\u043e\u0442\u043e\u0440\u0430\u044f \u0432\u0441\u0435\u0433\u0434\u0430 \u043f\u043e\u0437\u0432\u043e\u043b\u044f\u043b\u0430 \u0443\u0441\u043f\u0435\u0448\u043d\u043e \u043f\u0440\u043e\u0445\u043e\u0434\u0438\u0442\u044c \u0432\u0441\u0435 \u041a\u041e\u041d\u0422\u0420\u041e\u041b\u0418 \u041a\u0410\u0427\u0415\u0421\u0422\u0412\u0410 (\u043d\u0430\u043f\u0440\u0438\u043c\u0435\u0440, SGS), \u043e\u0431\u0435\u0441\u043f\u0435\u0447\u0438\u0432\u0430\u044f \u043a\u043b\u0438\u0435\u043d\u0442\u043e\u0432 \u0443\u0432\u0435\u0440\u0435\u043d\u043d\u043e\u0441\u0442\u044c\u044e \u0432 \u043f\u0440\u043e\u0434\u0443\u043a\u0442\u0435. \u041f\u043e \u0432\u0441\u0435\u043c\u0443 \u043c\u0438\u0440\u0443 \u043e\u0442\u0437\u044b\u0432\u044b \u043a\u043b\u0438\u0435\u043d\u0442\u043e\u0432 \u043f\u043e\u0434\u0442\u0432\u0435\u0440\u0436\u0434\u0430\u044e\u0442, \u0447\u0442\u043e \u0438\u043c\u044f ARVEN \u0430\u0441\u0441\u043e\u0446\u0438\u0438\u0440\u0443\u0435\u0442\u0441\u044f \u0441 \u0431\u0435\u0437\u043e\u043f\u0430\u0441\u043d\u043e\u0441\u0442\u044c\u044e, \u0441\u0435\u0440\u044c\u0435\u0437\u043d\u043e\u0441\u0442\u044c\u044e, \u043a\u0430\u0447\u0435\u0441\u0442\u0432\u043e\u043c \u0438 \u0447\u0435\u0441\u0442\u043d\u043e\u0441\u0442\u044c\u044e.<\/p>\r\n[\/vc_column_text][vc_single_image image=&#8221;85&#8243; img_size=&#8221;full&#8221; style=&#8221;vc_box_outline&#8221; border_color=&#8221;juicy_pink&#8221;]<\/div><\/div><\/div><\/div><\/div>","protected":false},"excerpt":{"rendered":"[vc_single_image image=\"84\" img_size=\"full\" style=\"vc_box_outline\" border_color=\"juicy_pink\"] [vc_column_text] ARVEN SRL, compania produc\u0103toare de pompe electrice, a fost \u00eenfiin\u021bat\u0103 \u00een 1991 datorit\u0103 spiritului antreprenorial \u0219i abilit\u0103\u021bilor membrilor familiei Grazioli, av\u00e2nd o dezvoltare semnificativ\u0103 \u00eenc\u0103 de la \u00eenceput. ARVEN SRL este unul dintre liderii pie\u021bei, \u00een special \u00een domeniul pompelor submersibile din o\u021bel, datorit\u0103 experien\u021bei \u0219i cuno\u0219tin\u021belor tehnice acumulate [...]","protected":false},"author":1,"featured_media":0,"parent":0,"menu_order":0,"comment_status":"closed","ping_status":"closed","template":"","meta":{"footnotes":""},"class_list":["post-58","page","type-page","status-publish"],"_links":{"self":[{"href":"https:\/\/arven.md\/index.php\/wp-json\/wp\/v2\/pages\/58","targetHints":{"allow":["GET"]}}],"collection":[{"href":"https:\/\/arven.md\/index.php\/wp-json\/wp\/v2\/pages"}],"about":[{"href":"https:\/\/arven.md\/index.php\/wp-json\/wp\/v2\/types\/page"}],"author":[{"embeddable":true,"href":"https:\/\/arven.md\/index.php\/wp-json\/wp\/v2\/users\/1"}],"replies":[{"embeddable":true,"href":"https:\/\/arven.md\/index.php\/wp-json\/wp\/v2\/comments?post=58"}],"version-history":[{"count":9,"href":"https:\/\/arven.md\/index.php\/wp-json\/wp\/v2\/pages\/58\/revisions"}],"predecessor-version":[{"id":140,"href":"https:\/\/arven.md\/index.php\/wp-json\/wp\/v2\/pages\/58\/revisions\/140"}],"wp:attachment":[{"href":"https:\/\/arven.md\/index.php\/wp-json\/wp\/v2\/media?parent=58"}],"curies":[{"name":"wp","href":"https:\/\/api.w.org\/{rel}","templated":true}]}}